{"id":1032,"date":"2025-06-20T12:11:46","date_gmt":"2025-06-20T10:11:46","guid":{"rendered":"http:\/\/milanogeneratori.it\/servizi\/"},"modified":"2025-11-11T12:59:35","modified_gmt":"2025-11-11T11:59:35","slug":"services","status":"publish","type":"page","link":"https:\/\/milanogeneratori.it\/fr\/services\/","title":{"rendered":"Services"},"content":{"rendered":"<section class=\"services\">\r\n  <div class=\"container\">\r\n    <div class=\"row\">\r\n      <div class=\"col-12 heading-wrapper\">\r\n        <article class=\"article-text text-lg-center\">\r\n          \r\n                    \r\n                      <div class=\"wrapper-text\">\r\n              <p style=\"text-align: left;\">Les <strong>groupes \u00e9lectrog\u00e8nes<\/strong> constituent une alternative valable dans toutes les situations o\u00f9 l&rsquo;\u00e9lectricit\u00e9 ne peut \u00eatre fournie par le r\u00e9seau \u00e9lectrique traditionnel. De ce fait, ces machines sont consid\u00e9r\u00e9es comme des points critiques n\u00e9cessitant une attention particuli\u00e8re.<\/p>\n<p style=\"text-align: left;\">Nous offrons \u00e0 nos clients un service d&rsquo;<strong>assistance technique complet<\/strong> pour les groupes \u00e9lectrog\u00e8nes, en fonctionnement d&rsquo;urgence comme en fonctionnement continu.<\/p>\n<p style=\"text-align: left;\">De plus, nous intervenons dans divers environnements industriels (t\u00e9l\u00e9communications, sant\u00e9, p\u00e9trole et gaz, offshore et environnements class\u00e9s ATEX), tant au niveau national qu&rsquo;international.<\/p>\n            <\/div>\r\n                  <\/article>\r\n      <\/div>\r\n    <\/div>\r\n  <\/div>\r\n  <div class=\"container container-big\">\r\n    <div class=\"row\">\r\n      <div class=\"col-12\">\r\n                  <div class=\"services-list row\" data-match-height>\r\n                          <div class=\"col-12 col-sm-6 col-md-4 col-lg-3 service-item\">\r\n                <a href=\"https:\/\/milanogeneratori.it\/fr\/services\/maintenance-ordinaire-des-groupes-electrogenes\/\">\r\n                                                            <img decoding=\"async\" src=\"https:\/\/milanogeneratori.it\/wp-content\/uploads\/2025\/06\/servizio-manutenzione-ordinaria-gruppi-elettrogeni-472x200.jpg\" alt=\"Servizio - Manutenzione ordinaria gruppi elettrogeni\" class=\"img-fluid service-image-wrapper\">\r\n                                                          <h3 class=\"h4\">Maintenance ordinaire des groupes \u00e9lectrog\u00e8nes<\/h3>\r\n                                  <\/a>\r\n              <\/div>\r\n                          <div class=\"col-12 col-sm-6 col-md-4 col-lg-3 service-item\">\r\n                <a href=\"https:\/\/milanogeneratori.it\/fr\/services\/interventions-extraordinaires-et-correctives\/\">\r\n                                                            <img decoding=\"async\" src=\"https:\/\/milanogeneratori.it\/wp-content\/uploads\/2025\/06\/serivio-interventi-straordinari-correttivi-472x200.jpg\" alt=\"Servizio - Interventi straordinari e correttivi\" class=\"img-fluid service-image-wrapper\">\r\n                                                          <h3 class=\"h4\">Interventions extraordinaires et correctives<\/h3>\r\n                                  <\/a>\r\n              <\/div>\r\n                          <div class=\"col-12 col-sm-6 col-md-4 col-lg-3 service-item\">\r\n                <a href=\"https:\/\/milanogeneratori.it\/fr\/services\/mise-en-service-de-centrales-electriques-diesel\/\">\r\n                                                            <img decoding=\"async\" src=\"https:\/\/milanogeneratori.it\/wp-content\/uploads\/2025\/06\/servizio-messa-servizio-centrali-elettriche-diesel-472x200.png\" alt=\"Servizio - Messa in servizio di centrali elettriche diesel\" class=\"img-fluid service-image-wrapper\">\r\n                                                          <h3 class=\"h4\">Mise en service de centrales \u00e9lectriques diesel<\/h3>\r\n                                  <\/a>\r\n              <\/div>\r\n                          <div class=\"col-12 col-sm-6 col-md-4 col-lg-3 service-item\">\r\n                <a href=\"https:\/\/milanogeneratori.it\/fr\/services\/analyse-thermographique\/\">\r\n                                                            <img decoding=\"async\" src=\"https:\/\/milanogeneratori.it\/wp-content\/uploads\/2025\/06\/servizio-analisi-termografica-472x200.jpg\" alt=\"Servizio - Analisi termografica\" class=\"img-fluid service-image-wrapper\">\r\n                                                          <h3 class=\"h4\">Analyse thermographique<\/h3>\r\n                                  <\/a>\r\n              <\/div>\r\n                          <div class=\"col-12 col-sm-6 col-md-4 col-lg-3 service-item\">\r\n                <a href=\"https:\/\/milanogeneratori.it\/fr\/services\/test-disolation-et-mesure-dimpedance\/\">\r\n                                                            <img decoding=\"async\" src=\"https:\/\/milanogeneratori.it\/wp-content\/uploads\/2025\/06\/servizio-prova-isolamento-misura-impedenza-472x200.jpg\" alt=\"Servizio - Prova isolamento e misura d&#039;impedenza\" class=\"img-fluid service-image-wrapper\">\r\n                                                          <h3 class=\"h4\">Test d&rsquo;isolation et mesure d&rsquo;imp\u00e9dance<\/h3>\r\n                                  <\/a>\r\n              <\/div>\r\n                          <div class=\"col-12 col-sm-6 col-md-4 col-lg-3 service-item\">\r\n                <a href=\"https:\/\/milanogeneratori.it\/fr\/services\/analyse-du-reseau-electrique\/\">\r\n                                                            <img decoding=\"async\" src=\"https:\/\/milanogeneratori.it\/wp-content\/uploads\/2025\/06\/servizio-analisi-rete-elettrica-472x200.jpg\" alt=\"Servizio - Analisi della rete elettrica\" class=\"img-fluid service-image-wrapper\">\r\n                                                          <h3 class=\"h4\">Analyse du r\u00e9seau \u00e9lectrique<\/h3>\r\n                                  <\/a>\r\n              <\/div>\r\n                          <div class=\"col-12 col-sm-6 col-md-4 col-lg-3 service-item\">\r\n                <a href=\"https:\/\/milanogeneratori.it\/fr\/services\/analyse-des-emissions-des-moteurs-industriels\/\">\r\n                                                            <img decoding=\"async\" src=\"https:\/\/milanogeneratori.it\/wp-content\/uploads\/2025\/06\/servizio-analisi-emissioni-motori-industriali-472x200.png\" alt=\"Servizio - Analisi delle emissioni sui motori industriali\" class=\"img-fluid service-image-wrapper\">\r\n                                                          <h3 class=\"h4\">Analyse des \u00e9missions des moteurs industriels<\/h3>\r\n                                  <\/a>\r\n              <\/div>\r\n                          <div class=\"col-12 col-sm-6 col-md-4 col-lg-3 service-item\">\r\n                <a href=\"https:\/\/milanogeneratori.it\/fr\/services\/analyse-des-vibrations\/\">\r\n                                                            <img decoding=\"async\" src=\"https:\/\/milanogeneratori.it\/wp-content\/uploads\/2025\/06\/servizio-analisi-vibrazioni-472x200.jpg\" alt=\"Servizio - Analisi delle vibrazioni\" class=\"img-fluid service-image-wrapper\">\r\n                                                          <h3 class=\"h4\">Analyse des vibrations<\/h3>\r\n                                  <\/a>\r\n              <\/div>\r\n                          <div class=\"col-12 col-sm-6 col-md-4 col-lg-3 service-item\">\r\n                <a href=\"https:\/\/milanogeneratori.it\/fr\/services\/location-de-bancs-de-charge-resistifs\/\">\r\n                                                            <img decoding=\"async\" src=\"https:\/\/milanogeneratori.it\/wp-content\/uploads\/2025\/06\/servizio-noleggio-banchi-carico-resistivi-472x200.jpg\" alt=\"Servizio - Noleggio banchi di carico resistivi\" class=\"img-fluid service-image-wrapper\">\r\n                                                          <h3 class=\"h4\">Location de bancs de charge r\u00e9sistifs<\/h3>\r\n                                  <\/a>\r\n              <\/div>\r\n                          <div class=\"col-12 col-sm-6 col-md-4 col-lg-3 service-item\">\r\n                <a href=\"https:\/\/milanogeneratori.it\/fr\/services\/service-offshore\/\">\r\n                                                            <img decoding=\"async\" src=\"https:\/\/milanogeneratori.it\/wp-content\/uploads\/2025\/06\/servizio-service-offshore-472x200.jpg\" alt=\"Servizio - OffShore\" class=\"img-fluid service-image-wrapper\">\r\n                                                          <h3 class=\"h4\">Service Offshore<\/h3>\r\n                                  <\/a>\r\n              <\/div>\r\n                          <div class=\"col-12 col-sm-6 col-md-4 col-lg-3 service-item\">\r\n                <a href=\"https:\/\/milanogeneratori.it\/fr\/services\/disponibilite-24-7\/\">\r\n                                                            <img decoding=\"async\" src=\"https:\/\/milanogeneratori.it\/wp-content\/uploads\/2025\/07\/servizio-reperibilita-24-7-472x200.png\" alt=\"Servizio di reperibilit\u00e0\" class=\"img-fluid service-image-wrapper\">\r\n                                                          <h3 class=\"h4\">Disponible 24\/7<\/h3>\r\n                                  <\/a>\r\n              <\/div>\r\n                          <div class=\"col-12 col-sm-6 col-md-4 col-lg-3 service-item\">\r\n                <a href=\"https:\/\/milanogeneratori.it\/fr\/services\/concessionnaire-marelli-motori-et-baudouin\/\">\r\n                                                            <img decoding=\"async\" src=\"https:\/\/milanogeneratori.it\/wp-content\/uploads\/2025\/07\/servizio-dealer-marelli-baudouin-472x200.png\" alt=\"Servizio - Ricambistica originale\" class=\"img-fluid service-image-wrapper\">\r\n                                                          <h3 class=\"h4\">Concessionnaire Marelli Motori et Baudouin<\/h3>\r\n                                  <\/a>\r\n              <\/div>\r\n                      <\/div>\r\n                                <\/div>\r\n    <\/div>\r\n  <\/div>\r\n<\/section>\n\n\n<p><\/p>\n\n\n<aside class=\"separator-section section\">\r\n  <div class=\"container\">\r\n    <div class=\"row\">\r\n      <div class=\"col-12\">\r\n        <hr class=\"separator\">\r\n      <\/div>\r\n    <\/div>\r\n  <\/div>\r\n<\/aside>","protected":false},"excerpt":{"rendered":"","protected":false},"author":1,"featured_media":0,"parent":0,"menu_order":0,"comment_status":"closed","ping_status":"closed","template":"","meta":{"_acf_changed":false,"footnotes":""},"class_list":["post-1032","page","type-page","status-publish","hentry"],"acf":[],"_links":{"self":[{"href":"https:\/\/milanogeneratori.it\/fr\/wp-json\/wp\/v2\/pages\/1032","targetHints":{"allow":["GET"]}}],"collection":[{"href":"https:\/\/milanogeneratori.it\/fr\/wp-json\/wp\/v2\/pages"}],"about":[{"href":"https:\/\/milanogeneratori.it\/fr\/wp-json\/wp\/v2\/types\/page"}],"author":[{"embeddable":true,"href":"https:\/\/milanogeneratori.it\/fr\/wp-json\/wp\/v2\/users\/1"}],"replies":[{"embeddable":true,"href":"https:\/\/milanogeneratori.it\/fr\/wp-json\/wp\/v2\/comments?post=1032"}],"version-history":[{"count":3,"href":"https:\/\/milanogeneratori.it\/fr\/wp-json\/wp\/v2\/pages\/1032\/revisions"}],"predecessor-version":[{"id":1379,"href":"https:\/\/milanogeneratori.it\/fr\/wp-json\/wp\/v2\/pages\/1032\/revisions\/1379"}],"wp:attachment":[{"href":"https:\/\/milanogeneratori.it\/fr\/wp-json\/wp\/v2\/media?parent=1032"}],"curies":[{"name":"wp","href":"https:\/\/api.w.org\/{rel}","templated":true}]}}