{"id":1039,"date":"2025-07-10T15:23:09","date_gmt":"2025-07-10T13:23:09","guid":{"rendered":"http:\/\/milanogeneratori.it\/societa-benefit\/"},"modified":"2025-11-11T12:55:08","modified_gmt":"2025-11-11T11:55:08","slug":"societe-dinteret-public","status":"publish","type":"page","link":"https:\/\/milanogeneratori.it\/fr\/qui-sommes-nous\/societe-dinteret-public\/","title":{"rendered":"Soci\u00e9t\u00e9 d&rsquo;int\u00e9r\u00eat public"},"content":{"rendered":"<section class=\"text-image\"\n  >\n\n  <div class=\"container\">\n    <div class=\"row\">\n            <div class=\"col-12 col-lg-7 order-lg-1\">\n              <article class=\"article-text\">\n                      <h3 class=\"h6\">Les entreprises b\u00e9n\u00e9ficiaires<\/h3>\n          \n                      <h2 class=\"article-text-title\">NOTRE ENGAGEMENT ENVERS LA DURABILIT\u00c9<\/h2>\n          \n                      <div class=\"wrapper-text\">\n              <p>Consciente de la n\u00e9cessit\u00e9 croissante de concilier d\u00e9veloppement \u00e9conomique et protection de l&rsquo;environnement, Milano Generatori a chang\u00e9 sa d\u00e9nomination sociale en \u00ab\u00a0Benefit Corporation\u00a0\u00bb. Elle a ainsi inscrit dans ses statuts l&rsquo;obligation de poursuivre, outre des objectifs \u00e9conomiques, des objectifs sociaux, environnementaux et d&rsquo;int\u00e9r\u00eat g\u00e9n\u00e9ral.<\/p>\n<p>En tant qu&rsquo;entreprise \u00e0 but lucratif et conform\u00e9ment aux objectifs qu&rsquo;elle s&rsquo;est fix\u00e9s, Milano Generatori s&rsquo;engage \u00e0\u00a0:<\/p>\n<ul>\n<li>Int\u00e9grer les principes de d\u00e9veloppement durable \u00e0 chaque \u00e9tape de ses processus d\u00e9cisionnels et op\u00e9rationnels\u00a0;<\/li>\n<li>Garantir un travail d\u00e9cent \u00e0 tous ses employ\u00e9s\u00a0;<\/li>\n<li>D\u00e9velopper des projets b\u00e9n\u00e9fiques pour la communaut\u00e9, ax\u00e9s sur la gestion responsable des ressources et le d\u00e9veloppement durable local\u00a0;<\/li>\n<li><strong>R\u00e9duire<\/strong> son empreinte carbone et, si possible, la compenser.<\/li>\n<\/ul>\n<p>Cette approche se traduit par un engagement quotidien en faveur de la s\u00e9curit\u00e9 des travailleurs, de la protection de l&rsquo;environnement et du d\u00e9veloppement personnel, afin de g\u00e9n\u00e9rer un impact positif, mesurable et durable.<\/p>\n<p>Afin de garantir la transparence et la responsabilit\u00e9 envers ses parties prenantes, Milano Generatori pr\u00e9pare et publie chaque ann\u00e9e\u00a0:<\/p>\n<ul>\n<li>Le <b>Rapport d&rsquo;impact<\/b>, un document officiel qui d\u00e9crit clairement les initiatives entreprises, les r\u00e9sultats obtenus et les objectifs d&rsquo;am\u00e9lioration continue\u00a0;<\/li>\n<li>Le <b>Code d&rsquo;\u00e9thique<\/b>, qui r\u00e9sume les valeurs et les principes qui inspirent les activit\u00e9s quotidiennes de l&rsquo;entreprise.<\/li>\n<\/ul>\n            <\/div>\n          \n          \n            <div class=\"btn-container position-under\">\n\n            \n                                <a href=\"http:\/\/milanogeneratori.it\/wp-content\/uploads\/2025\/07\/milano-generatori-codice-etico.pdf\" target=\"_blank\" class=\"btn btn-primary\">\n                    T\u00e9l\u00e9charger Code d&#039;\u00e9thique                  <\/a>\n                \n            \n                                <a href=\"http:\/\/milanogeneratori.it\/wp-content\/uploads\/2025\/07\/milano-generatori-relazione-di-impatto.pdf\" target=\"_blank\" class=\"btn btn-primary\">\n                    T\u00e9l\u00e9charger rapport d&#039;impact                  <\/a>\n                \n            \n            <\/div>\n\n          \n                  <\/article>\n      <\/div>\n                              <div class=\"col-12 col-lg-5 order-lg-2\">\n                  <div class=\"side-image\">\n            <img decoding=\"async\" src=\"https:\/\/milanogeneratori.it\/wp-content\/uploads\/2025\/07\/milano-generatori-societa-benefit.png\" alt=\"Milano Generatori - Societ\u00e0 Benefit\">\n          <\/div>\n        <\/div>\n          <\/div>\n  <\/div>\n<\/section>\n\n<aside class=\"separator-section section\">\r\n  <div class=\"container\">\r\n    <div class=\"row\">\r\n      <div class=\"col-12\">\r\n        <hr class=\"separator\">\r\n      <\/div>\r\n    <\/div>\r\n  <\/div>\r\n<\/aside>","protected":false},"excerpt":{"rendered":"","protected":false},"author":1,"featured_media":0,"parent":1053,"menu_order":0,"comment_status":"closed","ping_status":"closed","template":"","meta":{"_acf_changed":false,"footnotes":""},"class_list":["post-1039","page","type-page","status-publish","hentry"],"acf":[],"_links":{"self":[{"href":"https:\/\/milanogeneratori.it\/fr\/wp-json\/wp\/v2\/pages\/1039","targetHints":{"allow":["GET"]}}],"collection":[{"href":"https:\/\/milanogeneratori.it\/fr\/wp-json\/wp\/v2\/pages"}],"about":[{"href":"https:\/\/milanogeneratori.it\/fr\/wp-json\/wp\/v2\/types\/page"}],"author":[{"embeddable":true,"href":"https:\/\/milanogeneratori.it\/fr\/wp-json\/wp\/v2\/users\/1"}],"replies":[{"embeddable":true,"href":"https:\/\/milanogeneratori.it\/fr\/wp-json\/wp\/v2\/comments?post=1039"}],"version-history":[{"count":4,"href":"https:\/\/milanogeneratori.it\/fr\/wp-json\/wp\/v2\/pages\/1039\/revisions"}],"predecessor-version":[{"id":1453,"href":"https:\/\/milanogeneratori.it\/fr\/wp-json\/wp\/v2\/pages\/1039\/revisions\/1453"}],"up":[{"embeddable":true,"href":"https:\/\/milanogeneratori.it\/fr\/wp-json\/wp\/v2\/pages\/1053"}],"wp:attachment":[{"href":"https:\/\/milanogeneratori.it\/fr\/wp-json\/wp\/v2\/media?parent=1039"}],"curies":[{"name":"wp","href":"https:\/\/api.w.org\/{rel}","templated":true}]}}