{"id":1047,"date":"2025-06-20T17:50:42","date_gmt":"2025-06-20T15:50:42","guid":{"rendered":"http:\/\/milanogeneratori.it\/clienti-partner\/"},"modified":"2025-11-11T15:49:33","modified_gmt":"2025-11-11T14:49:33","slug":"clients-et-partenaire","status":"publish","type":"page","link":"https:\/\/milanogeneratori.it\/fr\/clients-et-partenaire\/","title":{"rendered":"Clients et partenaire"},"content":{"rendered":"<section class=\"distributors-partners\">\r\n  <div class=\"container\">\r\n    <div class=\"row\">\r\n            <div class=\"col-12\">\r\n        <div class=\"distributors-partners-wrapper\">\r\n          <ul data-match-height>\r\n                      <li class=\"distributors-partners-item\" data-mh='partners-wrapper'>\r\n                              <h6 data-mh='partners-type'>DISTRIBUTEUR OFFICIEL<\/h6>\r\n                                            <img decoding=\"async\" src=\"https:\/\/milanogeneratori.it\/wp-content\/uploads\/2025\/10\/linz-logo-color.png\" data-mh='partners-logo' alt=\"\">\r\n                                            <h3 data-mh='partners-title'>LINZ<\/h3>\r\n                                            <p>Nous collaborons avec les principaux <strong>distributeurs du secteur<\/strong> pour vous proposer des g\u00e9n\u00e9rateurs et des pi\u00e8ces d\u00e9tach\u00e9es d&rsquo;origine. Ce partenariat vous garantit un acc\u00e8s permanent \u00e0 des<strong> solutions fiables et de haute qualit\u00e9<\/strong> pour r\u00e9pondre \u00e0 tous vos besoins.<\/p>\n                          <\/li>\r\n                      <li class=\"distributors-partners-item\" data-mh='partners-wrapper'>\r\n                              <h6 data-mh='partners-type'>PARTENAIRE DE SERVICE OFFICIEL<\/h6>\r\n                                            <img decoding=\"async\" src=\"https:\/\/milanogeneratori.it\/wp-content\/uploads\/2025\/07\/marelli-logo-color.png\" data-mh='partners-logo' alt=\"Marelli Motori logo\">\r\n                                            <h3 data-mh='partners-title'>MarelliMotori<\/h3>\r\n                                            <p>Nous sommes votre <strong>partenaire officiel pour l&rsquo;assistance<\/strong> et la maintenance. Gr\u00e2ce \u00e0 ce partenariat, nous vous offrons un service technique certifi\u00e9 et des <strong>pi\u00e8ces d\u00e9tach\u00e9es d&rsquo;origine<\/strong>, garantissant le bon fonctionnement et la dur\u00e9e de vie maximale de vos g\u00e9n\u00e9rateurs.<\/p>\n                          <\/li>\r\n                      <li class=\"distributors-partners-item\" data-mh='partners-wrapper'>\r\n                              <h6 data-mh='partners-type'>DISTRIBUTEUR AGR\u00c9\u00c9<\/h6>\r\n                                            <img decoding=\"async\" src=\"https:\/\/milanogeneratori.it\/wp-content\/uploads\/2025\/07\/baudouin-logo-color.png\" data-mh='partners-logo' alt=\"Baudoin logo\">\r\n                                            <h3 data-mh='partners-title'>Baudouin<\/h3>\r\n                                            <p>Nous sommes <strong>distributeurs officiels des moteurs Baudouin<\/strong>, une marque reconnue pour sa fiabilit\u00e9 et sa qualit\u00e9. Gr\u00e2ce \u00e0 ce partenariat, nous proposons des pi\u00e8ces d\u00e9tach\u00e9es d&rsquo;origine, garantissant des solutions performantes et durables, appuy\u00e9es par une solide expertise technique pour optimiser le fonctionnement de vos groupes \u00e9lectrog\u00e8nes.<\/p>\n                          <\/li>\r\n                      <li class=\"distributors-partners-item\" data-mh='partners-wrapper'>\r\n                              <h6 data-mh='partners-type'>PARTENARIAT<\/h6>\r\n                                            <img decoding=\"async\" src=\"https:\/\/milanogeneratori.it\/wp-content\/uploads\/2025\/07\/comap-logo-color.png\" data-mh='partners-logo' alt=\"ComAp logo\">\r\n                                                          <p>Nous collaborons avec les <strong>meilleurs acteurs du secteur<\/strong> pour s\u00e9lectionner les meilleurs produits et garantir les normes de qualit\u00e9 les plus strictes. Nos partenariats solides nous permettent de vous proposer des<strong> solutions innovantes et fiables<\/strong> qui r\u00e9pondent pleinement \u00e0 vos attentes.<\/p>\n                          <\/li>\r\n                    <ul>\r\n        <\/div>\r\n      <\/div>\r\n          <\/div>\r\n  <\/div>\r\n<\/section>\n\n<section class=\"text-image\"\n  >\n\n  <div class=\"container\">\n    <div class=\"row\">\n            <div class=\"col-12 col-lg-7 order-lg-1\">\n              <article class=\"article-text\">\n                      <h3 class=\"h6\">Clients et partenaire<\/h3>\n          \n                      <h2 class=\"article-text-title\">Assistance et maintenance<\/h2>\n          \n                      <div class=\"wrapper-text\">\n              <p>Milano Generatori fournit ses services d&rsquo;assistance et de maintenance sur les groupes \u00e9lectrog\u00e8nes \u00e0 un large \u00e9ventail de clients satisfaits, dont voici une s\u00e9lection.<\/p>\n<p>Nous nous engageons depuis des d\u00e9cennies dans le d\u00e9veloppement de solutions et la fourniture ponctuelle d&rsquo;assistance, m\u00eame en cas d&rsquo;urgence.<br \/>\nNous fournissons nos services \u00e0 de nombreux secteurs industriels :<\/p>\n            <\/div>\n          \n          \n                  <\/article>\n      <\/div>\n                              <div class=\"col-12 col-lg-5 order-lg-2\">\n                  <div class=\"side-image\">\n            <img decoding=\"async\" src=\"https:\/\/milanogeneratori.it\/wp-content\/uploads\/2025\/07\/assistenza-manutenzione-milano-generatori.png\" alt=\"Assistenza e manutenzione\">\n          <\/div>\n        <\/div>\n          <\/div>\n  <\/div>\n<\/section>\n\n<aside class=\"separator-section section\">\r\n  <div class=\"container\">\r\n    <div class=\"row\">\r\n      <div class=\"col-12\">\r\n        <hr class=\"separator\">\r\n      <\/div>\r\n    <\/div>\r\n  <\/div>\r\n<\/aside>","protected":false},"excerpt":{"rendered":"","protected":false},"author":1,"featured_media":0,"parent":0,"menu_order":0,"comment_status":"closed","ping_status":"closed","template":"","meta":{"_acf_changed":false,"footnotes":""},"class_list":["post-1047","page","type-page","status-publish","hentry"],"acf":[],"_links":{"self":[{"href":"https:\/\/milanogeneratori.it\/fr\/wp-json\/wp\/v2\/pages\/1047","targetHints":{"allow":["GET"]}}],"collection":[{"href":"https:\/\/milanogeneratori.it\/fr\/wp-json\/wp\/v2\/pages"}],"about":[{"href":"https:\/\/milanogeneratori.it\/fr\/wp-json\/wp\/v2\/types\/page"}],"author":[{"embeddable":true,"href":"https:\/\/milanogeneratori.it\/fr\/wp-json\/wp\/v2\/users\/1"}],"replies":[{"embeddable":true,"href":"https:\/\/milanogeneratori.it\/fr\/wp-json\/wp\/v2\/comments?post=1047"}],"version-history":[{"count":9,"href":"https:\/\/milanogeneratori.it\/fr\/wp-json\/wp\/v2\/pages\/1047\/revisions"}],"predecessor-version":[{"id":5210,"href":"https:\/\/milanogeneratori.it\/fr\/wp-json\/wp\/v2\/pages\/1047\/revisions\/5210"}],"wp:attachment":[{"href":"https:\/\/milanogeneratori.it\/fr\/wp-json\/wp\/v2\/media?parent=1047"}],"curies":[{"name":"wp","href":"https:\/\/api.w.org\/{rel}","templated":true}]}}