{"id":1053,"date":"2025-06-20T15:42:59","date_gmt":"2025-06-20T13:42:59","guid":{"rendered":"http:\/\/milanogeneratori.it\/chi-siamo\/"},"modified":"2025-11-11T12:51:50","modified_gmt":"2025-11-11T11:51:50","slug":"qui-sommes-nous","status":"publish","type":"page","link":"https:\/\/milanogeneratori.it\/fr\/qui-sommes-nous\/","title":{"rendered":"Qui sommes nous"},"content":{"rendered":"<section class=\"text-image\"\n  >\n\n  <div class=\"container\">\n    <div class=\"row\">\n            <div class=\"col-12 col-lg-7 order-lg-1\">\n              <article class=\"article-text\">\n          \n          \n                      <div class=\"wrapper-text\">\n              <p>Milano Generatori est n\u00e9e d&rsquo;une entreprise forte de vingt ans d&rsquo;exp\u00e9rience dans le secteur des installations industrielles et de la production d&rsquo;\u00e9nergie.<\/p>\n<p>Malgr\u00e9 les connaissances acquises dans ce domaine, la vision de l&rsquo;entreprise s&rsquo;oriente vers la sp\u00e9cialisation dans le domaine de la production d&rsquo;\u00e9nergie \u00e9lectrique et, plus pr\u00e9cis\u00e9ment, dans le domaine des <strong>groupes \u00e9lectrog\u00e8nes<\/strong>.<\/p>\n<p>L&rsquo;entreprise se d\u00e9veloppe gr\u00e2ce \u00e0 la formation continue de ses techniciens \u00e9lectriciens et m\u00e9caniciens, garantissant ainsi la possibilit\u00e9 d&rsquo;intervenir de mani\u00e8re qualifi\u00e9e sur les principales unit\u00e9s de production de gaz et de diesel.<\/p>\n<p>Notre entreprise travaille chaque jour pour se d\u00e9velopper et se maintenir \u00e0 jour, en s&rsquo;inspirant des normes des entreprises leaders mondiaux dans le secteur, en mati\u00e8re de s\u00e9curit\u00e9, de qualit\u00e9 et de vari\u00e9t\u00e9 des services propos\u00e9s \u00e0 nos clients.<\/p>\n            <\/div>\n          \n          \n                  <\/article>\n      <\/div>\n                              <div class=\"col-12 col-lg-5 order-lg-2\">\n                  <div class=\"side-image\">\n            <img decoding=\"async\" src=\"https:\/\/milanogeneratori.it\/wp-content\/uploads\/2025\/06\/servizio-manutenzione-gruppi-elettrogeni.png\" alt=\"Servizio di manutenzione Gruppi Elettrogeni\">\n          <\/div>\n        <\/div>\n          <\/div>\n  <\/div>\n<\/section>\n\n  <section class=\"icon-section\">\n  <div class=\"container\">\n    <div class=\"row justify-content-center\" data-match-height>\n            <div class=\"col-12\">\n        <article class=\"article-text\">\n          <h2>Punti di forza<\/h2>\n        <\/article>\n      <\/div>\n                              <div class=\"col-12 col-lg-3\">\n            <div class=\"icon-wrapper\">\n                              <i class=\"icon-availability\"><\/i>                                            <h4 data-mh=\"icon-title\">Disponibilit\u00e9<br>du personnel<\/h4>\n                          <\/div>\n          <\/div>\n                  <div class=\"col-12 col-lg-3\">\n            <div class=\"icon-wrapper\">\n                              <i class=\"icon-handshake\"><\/i>                                            <h4 data-mh=\"icon-title\">Solutions les mieux adapt\u00e9es aux besoins du client<\/h4>\n                          <\/div>\n          <\/div>\n                  <div class=\"col-12 col-lg-3\">\n            <div class=\"icon-wrapper\">\n                              <i class=\"icon-full-availability\"><\/i>                                            <h4 data-mh=\"icon-title\">Disponibilit\u00e9<br>24h\/7j<\/h4>\n                          <\/div>\n          <\/div>\n                  <div class=\"col-12 col-lg-3\">\n            <div class=\"icon-wrapper\">\n                              <i class=\"icon-rocket\"><\/i>                                            <h4 data-mh=\"icon-title\">Optimisation<br>des d\u00e9lais<\/h4>\n                          <\/div>\n          <\/div>\n                  <div class=\"col-12 col-lg-3\">\n            <div class=\"icon-wrapper\">\n                              <i class=\"icon-time\"><\/i>                                            <h4 data-mh=\"icon-title\">Ponctualit\u00e9<br>du service<\/h4>\n                          <\/div>\n          <\/div>\n                  <div class=\"col-12 col-lg-3\">\n            <div class=\"icon-wrapper\">\n                              <i class=\"icon-key\"><\/i>                                            <h4 data-mh=\"icon-title\">Service<br>\u00ab\u00a0cl\u00e9 en main\u00a0\u00bb<\/h4>\n                          <\/div>\n          <\/div>\n                  <div class=\"col-12 col-lg-3\">\n            <div class=\"icon-wrapper\">\n                              <i class=\"icon-marker\"><\/i>                                            <h4 data-mh=\"icon-title\">Aucune contrainte g\u00e9ographique d&rsquo;exploitation<\/h4>\n                          <\/div>\n          <\/div>\n                  <\/div>\n  <\/div>\n<\/section>\n\n  <section class=\"blockquote-section\" style=\"background-color: #ededed;\">\n  <div class=\"container\">\n    <div class=\"row\">\n      <div class=\"col-12 col-md-11 offset-md-1\">\n        <article class=\"article-text\">\n                      <h2 class=\"article-text-title\">Notre mission<\/h2>\n          \n                      <blockquote class=\"blockquote\">\n              <p>Notre premi\u00e8re responsabilit\u00e9 est envers ceux qui d\u00e9cident d&rsquo;utiliser notre service, qui doit satisfaire les demandes du client et, surtout, \u00eatre de haute qualit\u00e9 \u00e0 un prix raisonnable. Pour ce faire, nos employ\u00e9s et collaborateurs travaillent en \u00e9quipe, o\u00f9 chacun doit \u00eatre consid\u00e9r\u00e9 comme une personne \u00e0 part enti\u00e8re, o\u00f9 la dignit\u00e9 et les droits de chacun doivent \u00eatre respect\u00e9s. Nous avons le devoir de r\u00e9pondre des erreurs que nous avons commises, il n&rsquo;y a pas d&rsquo;erreur individuelle, mais une solution collective au probl\u00e8me. En analysant notre travail, nous devons chercher \u00e0 nous am\u00e9liorer sans cesse, afin d&rsquo;offrir un service optimal et s\u00fbr \u00e0 nos clients ; La s\u00e9curit\u00e9 et le respect des r\u00e8gles de l&rsquo;art sont des \u00e9l\u00e9ments fondamentaux pour notre groupe de travail ; Notre fa\u00e7on d&rsquo;agir vise \u00e0 maintenir en bon \u00e9tat les biens que nous avons le privil\u00e8ge d&rsquo;utiliser, en pr\u00e9servant l&rsquo;environnement et les ressources naturelles ; L&rsquo;entreprise doit r\u00e9aliser un b\u00e9n\u00e9fice raisonnable, en cr\u00e9ant des r\u00e9serves pour les p\u00e9riodes difficiles ; Nos employ\u00e9s doivent avoir la possibilit\u00e9 d&rsquo;exp\u00e9rimenter de nouvelles id\u00e9es visant \u00e0 am\u00e9liorer notre service et la qualit\u00e9 de la vie au travail ; En appliquant ces principes, nous obtiendrons un b\u00e9n\u00e9fice \u00e9conomique et moral \u00e9quitable ; Aucune forme de corruption n&rsquo;est tol\u00e9r\u00e9e.<\/p>\n            <\/blockquote>\n          \n                      <p class=\"blockquote-author\">\n              \u2014  Daniele Orsini            <\/p>\n                  <\/article>\n      <\/div>\n    <\/div>\n  <\/div>\n<\/section>","protected":false},"excerpt":{"rendered":"","protected":false},"author":1,"featured_media":0,"parent":0,"menu_order":0,"comment_status":"closed","ping_status":"closed","template":"","meta":{"_acf_changed":false,"footnotes":""},"class_list":["post-1053","page","type-page","status-publish","hentry"],"acf":[],"_links":{"self":[{"href":"https:\/\/milanogeneratori.it\/fr\/wp-json\/wp\/v2\/pages\/1053","targetHints":{"allow":["GET"]}}],"collection":[{"href":"https:\/\/milanogeneratori.it\/fr\/wp-json\/wp\/v2\/pages"}],"about":[{"href":"https:\/\/milanogeneratori.it\/fr\/wp-json\/wp\/v2\/types\/page"}],"author":[{"embeddable":true,"href":"https:\/\/milanogeneratori.it\/fr\/wp-json\/wp\/v2\/users\/1"}],"replies":[{"embeddable":true,"href":"https:\/\/milanogeneratori.it\/fr\/wp-json\/wp\/v2\/comments?post=1053"}],"version-history":[{"count":2,"href":"https:\/\/milanogeneratori.it\/fr\/wp-json\/wp\/v2\/pages\/1053\/revisions"}],"predecessor-version":[{"id":1370,"href":"https:\/\/milanogeneratori.it\/fr\/wp-json\/wp\/v2\/pages\/1053\/revisions\/1370"}],"wp:attachment":[{"href":"https:\/\/milanogeneratori.it\/fr\/wp-json\/wp\/v2\/media?parent=1053"}],"curies":[{"name":"wp","href":"https:\/\/api.w.org\/{rel}","templated":true}]}}