{"id":1060,"date":"2025-04-28T12:13:31","date_gmt":"2025-04-28T10:13:31","guid":{"rendered":"http:\/\/milanogeneratori.it\/informativa-privacy\/"},"modified":"2025-09-12T13:20:38","modified_gmt":"2025-09-12T11:20:38","slug":"politique-de-confidentialite","status":"publish","type":"page","link":"https:\/\/milanogeneratori.it\/fr\/politique-de-confidentialite\/","title":{"rendered":"Politique de confidentialit\u00e9"},"content":{"rendered":"<section class=\"text-image\">\n  <div class=\"container\">\n    <div class=\"row\">\n      <div class=\"col-12\">\n        <article class=\"article-text\">\n                      <h3 class=\"h6\">Note d&#039;information conform\u00e9ment aux articles 13-14 du r\u00e8glement UE n\u00b0 2016\/679 relatif au traitement des donn\u00e9es \u00e0 caract\u00e8re personnel<\/h3>\n          \n                      <h2 class=\"article-text-title\">Politique de confidentialit\u00e9<\/h2>\n          \n                      <div class=\"wrapper-text\">\n              <p><strong class=\"privacy-policy-tutorial\">Responsable du traitement :<br \/>\n<\/strong><strong>MILANO GENERATORI s.r.l.<\/strong><br \/>\n<strong>N\u00b0 TVA<\/strong> 03953140161<br \/>\n<strong>REA<\/strong> BG422803<br \/>\n<strong>CAPITAL SOCIAL<\/strong> 50 000,00 \u20ac enti\u00e8rement vers\u00e9<br \/>\n<strong>EMAIL<\/strong> <a href=\"mailto:service@milanogeneratori.it\">service@milanogeneratori.it<\/a><\/p>\n<p>Site auquel se r\u00e9f\u00e8re cette politique de confidentialit\u00e9 : https:\/\/milanogeneratori.it\/ (Site).<\/p>\n<p>Le Responsable du Traitement n&rsquo;a pas nomm\u00e9 de DPO. Par cons\u00e9quent, vous pouvez envoyer toute demande d&rsquo;information directement au Responsable du Traitement.<\/p>\n<h2>INFORMATIONS G\u00c9N\u00c9RALES<\/h2>\n<p>Le pr\u00e9sent document d\u00e9crit comment le Responsable du Traitement traite vos donn\u00e9es personnelles fournies sur le Site.<\/p>\n<p>Les principaux traitements de vos donn\u00e9es personnelles sont d\u00e9crits ci-dessous. En particulier, la base juridique du traitement, si la fourniture est obligatoire et les cons\u00e9quences de la non-fourniture de donn\u00e9es personnelles sont expliqu\u00e9es. Pour mieux d\u00e9crire vos droits, si n\u00e9cessaire, nous avons sp\u00e9cifi\u00e9 si et quand un certain traitement de donn\u00e9es personnelles n&rsquo;est pas effectu\u00e9.<\/p>\n<h3>Inscription sur le Site<\/h3>\n<p>Les informations et donn\u00e9es requises en cas d&rsquo;inscription seront utilis\u00e9es pour vous permettre \u00e0 la fois d&rsquo;acc\u00e9der \u00e0 l&rsquo;espace r\u00e9serv\u00e9 du Site et d&rsquo;utiliser les services en ligne offerts par le Responsable du Traitement aux utilisateurs inscrits. La base juridique du traitement est la n\u00e9cessit\u00e9 pour le Responsable du Traitement d&rsquo;ex\u00e9cuter des mesures pr\u00e9contractuelles adopt\u00e9es \u00e0 la demande de la personne concern\u00e9e. La fourniture des donn\u00e9es est facultative. Cependant, votre \u00e9ventuel refus de fournir les donn\u00e9es entra\u00eenera l&rsquo;impossibilit\u00e9 de vous inscrire sur le Site.<\/p>\n<p class=\"ql-align-justify\"><strong>Achats sur le Site<\/strong><\/p>\n<p class=\"ql-align-justify\">Il n&rsquo;est pas possible d&rsquo;effectuer des achats sur le Site. Par cons\u00e9quent, vos donn\u00e9es personnelles ne seront pas trait\u00e9es \u00e0 cette fin. Le Responsable du Traitement ne traite pas les donn\u00e9es de l&rsquo;utilisateur pour envoyer des e-mails de \u00ab\u00a0rappel\u00a0\u00bb d&rsquo;achat de produits et\/ou services du Responsable lui-m\u00eame.<\/p>\n<p class=\"ql-align-justify\"><strong>R\u00e9pondre \u00e0 vos demandes<\/strong><\/p>\n<p class=\"ql-align-justify\">Vos donn\u00e9es seront trait\u00e9es pour r\u00e9pondre \u00e0 vos demandes d&rsquo;information. La fourniture est facultative, mais votre refus entra\u00eenera l&rsquo;impossibilit\u00e9 pour le Responsable du Traitement de r\u00e9pondre \u00e0 vos questions. La base juridique du traitement est l&rsquo;int\u00e9r\u00eat l\u00e9gitime du Responsable du Traitement \u00e0 donner suite aux demandes de l&rsquo;utilisateur. Cet int\u00e9r\u00eat l\u00e9gitime est \u00e9quivalent \u00e0 l&rsquo;int\u00e9r\u00eat de l&rsquo;utilisateur \u00e0 recevoir une r\u00e9ponse aux communications envoy\u00e9es au Responsable du Traitement.<\/p>\n<p class=\"ql-align-justify\"><strong>Marketing g\u00e9n\u00e9rique<\/strong><\/p>\n<p class=\"ql-align-justify\">Avec votre consentement pr\u00e9alable, le Responsable du Traitement pourra traiter les donn\u00e9es personnelles que vous fournissez afin de vous envoyer du mat\u00e9riel publicitaire et\/ou des newsletters concernant ses propres produits ou ceux de tiers. La base juridique de ce traitement est votre consentement. La fourniture de donn\u00e9es personnelles \u00e0 cette fin est purement facultative. L&rsquo;absence de consentement au traitement des donn\u00e9es \u00e0 des fins de marketing entra\u00eenera votre impossibilit\u00e9 de recevoir du mat\u00e9riel publicitaire relatif aux produits\/services du Responsable du Traitement et\/ou de tiers ainsi que l&rsquo;impossibilit\u00e9 pour le Responsable du Traitement de mener des \u00e9tudes de march\u00e9, y compris celles visant \u00e0 \u00e9valuer le degr\u00e9 de satisfaction des utilisateurs, ainsi que de vous envoyer des newsletters. L&rsquo;envoi de ces communications se fera \u00e0 l&rsquo;adresse e-mail que vous avez fournie sur le Site.<\/p>\n<p class=\"ql-align-justify\"><strong>Profilage<\/strong><\/p>\n<p class=\"ql-align-justify\">Avec votre consentement pr\u00e9alable, le Responsable du Traitement pourra traiter vos donn\u00e9es personnelles \u00e0 des fins de profilage, c&rsquo;est-\u00e0-dire pour l&rsquo;analyse de vos choix de consommation \u00e0 travers la d\u00e9tection du type et de la fr\u00e9quence des achats que vous effectuez, afin de vous envoyer du mat\u00e9riel publicitaire et\/ou des newsletters concernant ses propres produits ou ceux de tiers de votre int\u00e9r\u00eat sp\u00e9cifique. La base juridique de ce traitement est votre consentement. La fourniture de donn\u00e9es \u00e0 cette fin est purement facultative. L&rsquo;absence de consentement au traitement de vos donn\u00e9es personnelles \u00e0 des fins de profilage entra\u00eenera l&rsquo;impossibilit\u00e9 pour le Responsable du Traitement de d\u00e9velopper votre profil commercial, \u00e0 travers la d\u00e9tection de vos choix et habitudes d&rsquo;achat ainsi que de vous envoyer du mat\u00e9riel publicitaire, concernant les produits du Responsable du Traitement et\/ou de tiers, de votre int\u00e9r\u00eat sp\u00e9cifique. Ces communications seront envoy\u00e9es \u00e0 l&rsquo;adresse e-mail que vous avez fournie sur le Site.<\/p>\n<p class=\"ql-align-justify\"><strong>Cession des donn\u00e9es<\/strong><\/p>\n<p class=\"ql-align-justify\">Le Responsable du Traitement ne c\u00e8de pas vos donn\u00e9es personnelles \u00e0 des tiers.<\/p>\n<p class=\"ql-align-justify\"><strong>G\u00e9olocalisation<\/strong><\/p>\n<p class=\"ql-align-justify\">En cas d&rsquo;acc\u00e8s au Site, vous pourrez recevoir une notification sur votre appareil (fixe et\/ou mobile) qui vous donnera la possibilit\u00e9 de permettre ou non l&rsquo;identification de l&rsquo;appareil lui-m\u00eame (dite g\u00e9o-localisation). Vous pourrez librement consentir ou refuser ce param\u00e9trage, sans que cela n&rsquo;entra\u00eene de modifications substantielles \u00e0 la fonctionnalit\u00e9 du Site. Vous pourrez modifier \u00e0 tout moment les param\u00e8tres de g\u00e9olocalisation via les param\u00e8tres de votre appareil. La base juridique du traitement consiste en l&rsquo;int\u00e9r\u00eat l\u00e9gitime du Responsable du Traitement \u00e0 fournir des services pertinents \u00e0 la localisation de l&rsquo;utilisateur. Cet int\u00e9r\u00eat l\u00e9gitime est \u00e9gal \u00e0 l&rsquo;int\u00e9r\u00eat de l&rsquo;utilisateur \u00e0 recevoir des services les plus pertinents possible \u00e0 sa localisation.<\/p>\n<p class=\"ql-align-justify\"><strong>Communication des donn\u00e9es personnelles<\/strong><\/p>\n<p class=\"ql-align-justify\">Dans le cadre de son activit\u00e9 ordinaire, le Responsable du Traitement peut communiquer vos donn\u00e9es personnelles \u00e0 certaines cat\u00e9gories de sujets. \u00c0 l&rsquo;article 2, vous pouvez trouver la liste des sujets auxquels le Responsable du Traitement communique vos donn\u00e9es personnelles. Pour faciliter la protection de vos droits, l&rsquo;article 2 peut sp\u00e9cifier dans certains cas quand vos donn\u00e9es ne sont pas communiqu\u00e9es \u00e0 des tiers.<\/p>\n<p class=\"ql-align-justify\">La \u00ab\u00a0communication\u00a0\u00bb \u00e0 des tiers de donn\u00e9es personnelles est diff\u00e9rente de la \u00ab\u00a0cession\u00a0\u00bb (r\u00e9glement\u00e9e au point pr\u00e9c\u00e9dent). En effet, dans la communication, le tiers auquel la donn\u00e9e est transmise ne peut l&rsquo;utiliser que pour les finalit\u00e9s sp\u00e9cifiques d\u00e9crites dans la relation avec le Responsable du Traitement. Dans la cession, en revanche, le tiers devient Responsable du Traitement autonome de la donn\u00e9e personnelle. De plus, pour c\u00e9der vos donn\u00e9es personnelles \u00e0 des tiers, votre consentement est toujours requis.<\/p>\n<p class=\"ql-align-justify\">Sans pr\u00e9judice de ce qui pr\u00e9c\u00e8de, il reste entendu que le Responsable du Traitement pourra en tout cas utiliser vos donn\u00e9es personnelles pour se conformer correctement aux obligations pr\u00e9vues par les lois en vigueur.<\/p>\n<h2 class=\"ql-align-justify\"><strong>NOTICE DE CONFIDENTIALIT\u00c9 SP\u00c9CIFIQUE<\/strong><\/h2>\n<p class=\"ql-align-justify\"><strong>Art. 1 Modalit\u00e9s de traitement<\/strong><\/p>\n<p class=\"ql-align-justify\">1.1 Le traitement de vos donn\u00e9es personnelles sera principalement effectu\u00e9 avec l&rsquo;aide de moyens \u00e9lectroniques ou automatis\u00e9s, selon les modalit\u00e9s et avec les outils appropri\u00e9s pour garantir leur s\u00e9curit\u00e9 et la confidentialit\u00e9 des donn\u00e9es personnelles. Si le service de chatbot automatique est op\u00e9rationnel, vos donn\u00e9es personnelles seront \u00e9galement trait\u00e9es pour permettre l&rsquo;activation de ce service, \u00e0 travers lequel l&rsquo;utilisateur peut contacter et \u00eatre contact\u00e9 par le Responsable du Traitement, avec consentement pr\u00e9alable. La base juridique est l&rsquo;int\u00e9r\u00eat l\u00e9gitime du Responsable du Traitement \u00e0 r\u00e9pondre aux demandes de l&rsquo;utilisateur via le service de chatbot. Cet int\u00e9r\u00eat l\u00e9gitime peut \u00eatre consid\u00e9r\u00e9 comme \u00e9quivalent \u00e0 l&rsquo;int\u00e9r\u00eat de la personne concern\u00e9e \u00e0 utiliser le service de chatbot automatique.<\/p>\n<p class=\"ql-align-justify\">1.2 Les informations acquises et les modalit\u00e9s de traitement seront pertinentes et non excessives par rapport au type de services rendus. Vos donn\u00e9es seront \u00e9galement g\u00e9r\u00e9es et prot\u00e9g\u00e9es dans des environnements informatiques s\u00e9curis\u00e9s et adapt\u00e9s aux circonstances.<\/p>\n<p class=\"ql-align-justify\">1.3 Les \u00ab\u00a0donn\u00e9es particuli\u00e8res\u00a0\u00bb ne sont pas trait\u00e9es via le Site. Les donn\u00e9es particuli\u00e8res sont celles qui peuvent r\u00e9v\u00e9ler l&rsquo;origine raciale et ethnique, les convictions religieuses, philosophiques ou autres, les opinions politiques, l&rsquo;adh\u00e9sion \u00e0 des partis, syndicats, associations ou organisations \u00e0 caract\u00e8re religieux, philosophique, politique ou syndical, l&rsquo;\u00e9tat de sant\u00e9 et la vie sexuelle.<\/p>\n<p class=\"ql-align-justify\">1.4 Les donn\u00e9es judiciaires ne sont pas trait\u00e9es via le Site.<\/p>\n<p class=\"ql-align-justify\"><strong>Art. 2 Communication des donn\u00e9es personnelles<\/strong><\/p>\n<p class=\"ql-align-justify\">Le Responsable du Traitement peut communiquer vos donn\u00e9es personnelles \u00e0 des cat\u00e9gories d\u00e9termin\u00e9es de sujets. Ci-dessous sont indiqu\u00e9s les sujets auxquels le Responsable du Traitement se r\u00e9serve le droit de communiquer vos donn\u00e9es :<\/p>\n<ul>\n<li class=\"ql-align-justify\">Le Responsable du Traitement peut communiquer vos donn\u00e9es personnelles \u00e0 tous ces sujets (y compris les Autorit\u00e9s Publiques) qui ont acc\u00e8s aux donn\u00e9es personnelles en vertu de dispositions r\u00e9glementaires ou administratives.<\/li>\n<li class=\"ql-align-justify\">Vos donn\u00e9es personnelles peuvent \u00e9galement \u00eatre communiqu\u00e9es \u00e0 tous ces sujets publics et\/ou priv\u00e9s, personnes physiques et\/ou morales (cabinets de conseil juridique, administratif et fiscal, Offices Judiciaires, Chambres de Commerce, Chambres et Offices du Travail, etc.), lorsque la communication s&rsquo;av\u00e8re n\u00e9cessaire ou fonctionnelle au respect correct des obligations d\u00e9coulant de la loi.<\/li>\n<li class=\"ql-align-justify\">Le Responsable du Traitement se sert d&#8217;employ\u00e9s et\/ou collaborateurs \u00e0 quelque titre que ce soit. Pour le bon fonctionnement du Site, le Responsable du Traitement peut communiquer vos donn\u00e9es personnelles \u00e0 ces employ\u00e9s et\/ou collaborateurs.<\/li>\n<li class=\"ql-align-justify\">Dans son activit\u00e9 ordinaire de gestion du Site, le Responsable du Traitement se sert d&rsquo;entreprises, consultants ou professionnels charg\u00e9s de l&rsquo;installation, de la maintenance, de la mise \u00e0 jour et, en g\u00e9n\u00e9ral, de la gestion du mat\u00e9riel et des logiciels du Responsable du Traitement ou dont ce dernier se sert pour la fourniture de ses services. Par cons\u00e9quent, seulement en r\u00e9f\u00e9rence \u00e0 ces finalit\u00e9s, vos donn\u00e9es pourront \u00e9galement \u00eatre trait\u00e9es par ces sujets.<\/li>\n<li class=\"ql-align-justify\">Pour l&rsquo;envoi de ses communications, le Responsable du Traitement se sert d&rsquo;entreprises externes charg\u00e9es de l&rsquo;envoi de ce type de communications (plateformes CRM). Vos donn\u00e9es personnelles (en particulier l&rsquo;e-mail) pourront donc \u00eatre communiqu\u00e9es \u00e0 ces entreprises.<\/li>\n<li class=\"ql-align-justify\">\u00c0 des fins d&rsquo;assistance client, le Responsable du Traitement se sert d&rsquo;une ou plusieurs entreprises charg\u00e9es de fournir des services de support client. Seulement \u00e0 cette fin, vos donn\u00e9es personnelles pourront \u00eatre communiqu\u00e9es \u00e0 ces entreprises.<\/li>\n<\/ul>\n<p class=\"ql-align-justify\">Le Responsable se r\u00e9serve la facult\u00e9 de modifier la liste ci-dessus indiqu\u00e9e en fonction de son activit\u00e9 ordinaire. Par cons\u00e9quent, vous \u00eates invit\u00e9 \u00e0 acc\u00e9der r\u00e9guli\u00e8rement \u00e0 cette notice pour contr\u00f4ler \u00e0 quels sujets le Responsable du Traitement communique vos donn\u00e9es personnelles.<\/p>\n<p class=\"ql-align-justify\"><strong>Art. 3 Conservation des donn\u00e9es personnelles<\/strong><\/p>\n<p class=\"ql-align-justify\">3.1 Le pr\u00e9sent article d\u00e9crit pendant combien de temps le Responsable du Traitement se r\u00e9serve le droit de conserver vos donn\u00e9es personnelles.<\/p>\n<ul>\n<li>Vos donn\u00e9es personnelles seront conserv\u00e9es seulement pour le temps n\u00e9cessaire \u00e0 garantir la prestation correcte des services offerts via le Site.<\/li>\n<li>\u00c0 des fins de support client, les donn\u00e9es seront supprim\u00e9es une fois le service d&rsquo;assistance termin\u00e9.<\/li>\n<\/ul>\n<p class=\"ql-align-justify\">3.2 Sans pr\u00e9judice de ce qui est pr\u00e9vu \u00e0 l&rsquo;article 3.1, le Responsable du Traitement peut conserver vos donn\u00e9es personnelles pendant le temps requis par des r\u00e9glementations sp\u00e9cifiques, telles que modifi\u00e9es de temps \u00e0 autre.<\/p>\n<p class=\"ql-align-justify\"><strong>Art. 4 Transfert des donn\u00e9es personnelles<\/strong><\/p>\n<p class=\"ql-align-justify\">4.1 Le Responsable du Traitement a son si\u00e8ge dans un pays qui pr\u00e9sente un niveau ad\u00e9quat de s\u00e9curit\u00e9 du point de vue r\u00e9glementaire. Lorsque le transfert de vos donn\u00e9es personnelles a lieu vers un pays extra-UE et pour lequel la Commission europ\u00e9enne a exprim\u00e9 une d\u00e9cision d&rsquo;ad\u00e9quation, le transfert est consid\u00e9r\u00e9 comme s\u00fbr du point de vue r\u00e9glementaire dans tous les cas. Le pr\u00e9sent article 4.1 indique de temps \u00e0 autre les pays vers lesquels vos donn\u00e9es personnelles peuvent \u00e9ventuellement \u00eatre transf\u00e9r\u00e9es et o\u00f9 la Commission europ\u00e9enne a exprim\u00e9 une d\u00e9cision d&rsquo;ad\u00e9quation.<\/p>\n<ul>\n<li>Les utilisateurs sont donc invit\u00e9s \u00e0 acc\u00e9der r\u00e9guli\u00e8rement au pr\u00e9sent article pour v\u00e9rifier si le transfert de leurs donn\u00e9es personnelles a lieu vers un pays avec ces caract\u00e9ristiques.<\/li>\n<\/ul>\n<p class=\"ql-align-justify\">4.2 Sans pr\u00e9judice de ce qui est indiqu\u00e9 \u00e0 l&rsquo;article 4.1, vos donn\u00e9es peuvent \u00e9galement \u00eatre transf\u00e9r\u00e9es vers des pays extra-UE et pour lesquels la Commission europ\u00e9enne n&rsquo;a pas exprim\u00e9 de d\u00e9cision d&rsquo;ad\u00e9quation. Vous \u00eates donc invit\u00e9 \u00e0 consulter r\u00e9guli\u00e8rement le pr\u00e9sent article 4.2 pour constater vers lesquels de ces pays vos donn\u00e9es sont \u00e9ventuellement transf\u00e9r\u00e9es.<\/p>\n<p class=\"ql-align-justify\">4.3 Dans cet article, le Responsable du Traitement indique les pays vers lesquels il dirige \u00e9ventuellement de mani\u00e8re sp\u00e9cifique son activit\u00e9. Cette circonstance peut impliquer l&rsquo;application de la r\u00e9glementation du pays de r\u00e9f\u00e9rence, conjointement \u00e0 celle qui r\u00e9git la relation avec l&rsquo;utilisateur selon ce qui est indiqu\u00e9 en Pr\u00e9ambule.<\/p>\n<ul>\n<li>Sur demande de l&rsquo;utilisateur, le Responsable du Traitement appliquera au traitement des donn\u00e9es personnelles la r\u00e9glementation \u00e9ventuellement plus favorable pr\u00e9vue par la l\u00e9gislation nationale de l&rsquo;utilisateur lui-m\u00eame.<\/li>\n<\/ul>\n<p class=\"ql-align-justify\"><strong>Art. 5. Droits de la personne concern\u00e9e<\/strong><\/p>\n<p class=\"ql-align-justify\">Le Responsable du Traitement vous informe que vous avez le droit de :<\/p>\n<ul>\n<li class=\"ql-align-justify\">demander au Responsable du Traitement l&rsquo;acc\u00e8s \u00e0 vos donn\u00e9es personnelles et la rectification ou l&rsquo;effacement de celles-ci ou la limitation du traitement qui vous concerne ou de vous opposer \u00e0 leur traitement, en plus du droit \u00e0 la portabilit\u00e9 des donn\u00e9es<\/li>\n<li class=\"ql-align-justify\">retirer le consentement \u00e0 tout moment sans pr\u00e9judice de la lic\u00e9it\u00e9 du traitement bas\u00e9 sur le consentement donn\u00e9 avant le retrait<\/li>\n<li class=\"ql-align-justify\">d\u00e9poser une plainte aupr\u00e8s d&rsquo;une autorit\u00e9 de contr\u00f4le.<\/li>\n<\/ul>\n<p class=\"ql-align-justify\">Les droits susmentionn\u00e9s pourront \u00eatre exerc\u00e9s par une demande adress\u00e9e sans formalit\u00e9 aux contacts indiqu\u00e9s en Pr\u00e9ambule.<\/p>\n<p class=\"ql-align-justify\"><strong>Art. 6. Modifications et Divers<\/strong><\/p>\n<p class=\"ql-align-justify\">Le Responsable du Traitement se r\u00e9serve le droit d&rsquo;apporter des modifications \u00e0 cette notice \u00e0 tout moment, en donnant une publicit\u00e9 appropri\u00e9e aux utilisateurs du Site et en garantissant en tout cas une protection ad\u00e9quate et similaire des donn\u00e9es personnelles. Afin de voir d&rsquo;\u00e9ventuelles modifications, vous \u00eates invit\u00e9 \u00e0 consulter r\u00e9guli\u00e8rement cette notice. En cas de modifications substantielles \u00e0 cette notice de confidentialit\u00e9, le Responsable du Traitement pourra \u00e9galement en donner communication par e-mail.<\/p>\n<p><a class=\"powered-by-link\" href=\"https:\/\/www.legalblink.it\">Powered by LegalBlink<\/a><\/p>\n            <\/div>\n          \n                  <\/article>\n      <\/div>\n    <\/div>\n  <\/div>\n<\/section>","protected":false},"excerpt":{"rendered":"","protected":false},"author":1,"featured_media":0,"parent":0,"menu_order":0,"comment_status":"closed","ping_status":"open","template":"","meta":{"_acf_changed":false,"footnotes":""},"class_list":["post-1060","page","type-page","status-publish","hentry"],"acf":[],"_links":{"self":[{"href":"https:\/\/milanogeneratori.it\/fr\/wp-json\/wp\/v2\/pages\/1060","targetHints":{"allow":["GET"]}}],"collection":[{"href":"https:\/\/milanogeneratori.it\/fr\/wp-json\/wp\/v2\/pages"}],"about":[{"href":"https:\/\/milanogeneratori.it\/fr\/wp-json\/wp\/v2\/types\/page"}],"author":[{"embeddable":true,"href":"https:\/\/milanogeneratori.it\/fr\/wp-json\/wp\/v2\/users\/1"}],"replies":[{"embeddable":true,"href":"https:\/\/milanogeneratori.it\/fr\/wp-json\/wp\/v2\/comments?post=1060"}],"version-history":[{"count":3,"href":"https:\/\/milanogeneratori.it\/fr\/wp-json\/wp\/v2\/pages\/1060\/revisions"}],"predecessor-version":[{"id":1436,"href":"https:\/\/milanogeneratori.it\/fr\/wp-json\/wp\/v2\/pages\/1060\/revisions\/1436"}],"wp:attachment":[{"href":"https:\/\/milanogeneratori.it\/fr\/wp-json\/wp\/v2\/media?parent=1060"}],"curies":[{"name":"wp","href":"https:\/\/api.w.org\/{rel}","templated":true}]}}